{"id":24,"date":"2019-07-23T14:19:38","date_gmt":"2019-07-23T14:19:38","guid":{"rendered":"http:\/\/ipron.sk\/?page_id=24"},"modified":"2019-07-23T18:49:41","modified_gmt":"2019-07-23T16:49:41","slug":"kontakt","status":"publish","type":"page","link":"https:\/\/ipron.sk\/?page_id=24","title":{"rendered":"Kontakt"},"content":{"rendered":"<div class=\"wp-block-columns has-2-columns is-layout-flex wp-container-core-columns-is-layout-9d6595d7 wp-block-columns-is-layout-flex\">\n<div class=\"wp-block-column is-layout-flow wp-block-column-is-layout-flow\">\n<p><strong>IPRON, s.r.o.<\/strong><br>Rezedov\u00e1 2<br>821 01 Bratislava 2<\/p>\n\n\n\n<p><strong>tel.:<\/strong>&nbsp;02\/5822 2270<br><strong>tel.:<\/strong>&nbsp;0905 652 572<br><strong>email:<\/strong><a href=\"mailto:ipron@ipron.sk\">ipron@ipron.sk<\/a><\/p>\n\n\n\n<p><strong>I\u010cO:<\/strong>\t35924900<br><strong>DI\u010c:<\/strong>\t2021961282<br><strong>I\u010c DPH:<\/strong>\tSK2021961282<\/p>\n\n\n\n<p><\/p>\n<\/div>\n\n\n\n<div class=\"wp-block-column is-layout-flow wp-block-column-is-layout-flow\">\n<figure class=\"wp-block-image is-resized\"><img data-recalc-dims=\"1\" loading=\"lazy\" decoding=\"async\" src=\"https:\/\/i0.wp.com\/ipron.sk\/wp-content\/uploads\/2019\/07\/RG-A6379-Zoli-support.jpg?resize=512%2C306&#038;ssl=1\" alt=\"support\" class=\"wp-image-56\" width=\"512\" height=\"306\" srcset=\"https:\/\/i0.wp.com\/ipron.sk\/wp-content\/uploads\/2019\/07\/RG-A6379-Zoli-support.jpg?resize=1024%2C612&amp;ssl=1 1024w, https:\/\/i0.wp.com\/ipron.sk\/wp-content\/uploads\/2019\/07\/RG-A6379-Zoli-support.jpg?resize=300%2C179&amp;ssl=1 300w, https:\/\/i0.wp.com\/ipron.sk\/wp-content\/uploads\/2019\/07\/RG-A6379-Zoli-support.jpg?resize=768%2C459&amp;ssl=1 768w, https:\/\/i0.wp.com\/ipron.sk\/wp-content\/uploads\/2019\/07\/RG-A6379-Zoli-support.jpg?w=1259&amp;ssl=1 1259w\" sizes=\"auto, (max-width: 512px) 100vw, 512px\" \/><\/figure>\n<\/div>\n<\/div>","protected":false},"excerpt":{"rendered":"<p>IPRON, s.r.o.Rezedov\u00e1 2821 01 Bratislava 2 tel.:&nbsp;02\/5822 2270tel.:&nbsp;0905 652 572email:ipron@ipron.sk I\u010cO: 35924900DI\u010c: 2021961282I\u010c DPH: SK2021961282<\/p>","protected":false},"author":1,"featured_media":0,"parent":0,"menu_order":0,"comment_status":"closed","ping_status":"closed","template":"","meta":{"footnotes":""},"class_list":["post-24","page","type-page","status-publish","hentry"],"jetpack_sharing_enabled":true,"_links":{"self":[{"href":"https:\/\/ipron.sk\/index.php?rest_route=\/wp\/v2\/pages\/24","targetHints":{"allow":["GET"]}}],"collection":[{"href":"https:\/\/ipron.sk\/index.php?rest_route=\/wp\/v2\/pages"}],"about":[{"href":"https:\/\/ipron.sk\/index.php?rest_route=\/wp\/v2\/types\/page"}],"author":[{"embeddable":true,"href":"https:\/\/ipron.sk\/index.php?rest_route=\/wp\/v2\/users\/1"}],"replies":[{"embeddable":true,"href":"https:\/\/ipron.sk\/index.php?rest_route=%2Fwp%2Fv2%2Fcomments&post=24"}],"version-history":[{"count":2,"href":"https:\/\/ipron.sk\/index.php?rest_route=\/wp\/v2\/pages\/24\/revisions"}],"predecessor-version":[{"id":58,"href":"https:\/\/ipron.sk\/index.php?rest_route=\/wp\/v2\/pages\/24\/revisions\/58"}],"wp:attachment":[{"href":"https:\/\/ipron.sk\/index.php?rest_route=%2Fwp%2Fv2%2Fmedia&parent=24"}],"curies":[{"name":"wp","href":"https:\/\/api.w.org\/{rel}","templated":true}]}}