{"id":31,"date":"2019-07-23T14:35:44","date_gmt":"2019-07-23T14:35:44","guid":{"rendered":"http:\/\/ipron.sk\/?page_id=31"},"modified":"2019-07-23T18:55:47","modified_gmt":"2019-07-23T16:55:47","slug":"o-nas","status":"publish","type":"page","link":"https:\/\/ipron.sk\/?page_id=31","title":{"rendered":"O n\u00e1s"},"content":{"rendered":"<p><strong>IPRON<\/strong>&nbsp;je mlad\u00e1, r\u00fdchlo sa rozv\u00edjaj\u00faca softv\u00e9rov\u00e1 firma, ktor\u00e1 bola zalo\u017een\u00e1 v roku 2005. Zaklad\u00e1 si na profesion\u00e1lnych schopnostiach a viacro\u010dn\u00fdch sk\u00fasenostiach svojich zamestnancov. Hlavn\u00fdm pr\u00ednosom je ich vysok\u00e1 odbornos\u0165 a znalos\u0165 viacer\u00fdch oblast\u00ed informa\u010dn\u00fdch technol\u00f3gi\u00ed, ktor\u00e9 sa vz\u00e1jomne dop\u013a\u0148aj\u00fa. Tento t\u00edm je odborne na vysokej \u00farovni a dok\u00e1\u017ee sa dynamicky prisp\u00f4sobi\u0165 neust\u00e1le sa meniacim podmienkam vo svete informa\u010dn\u00fdch syst\u00e9mov.<\/p>\n\n\n\n<h2 class=\"wp-block-heading\" style=\"text-align:center\">Profil spolo\u010dnosti:<\/h2>\n\n\n\n<div class=\"wp-block-image\"><figure class=\"alignleft\"><img data-recalc-dims=\"1\" decoding=\"async\" src=\"https:\/\/i0.wp.com\/ipron.sk\/about_files\/IPRON.png?w=640&#038;ssl=1\" alt=\"\"\/><\/figure><\/div>\n\n\n\n<p>Pri zrode spolo\u010dnosti\u00a0<strong>IPRON<\/strong>\u00a0st\u00e1li \u0161tyria kolegovia, ktor\u00ed dlhodobo spolupracovali na r\u00f4znych projektoch. Po nieko\u013ek\u00fdch rokoch, po\u010das ktor\u00fdch sa podie\u013eali na v\u00fdvoji r\u00f4znych softv\u00e9rov\u00fdch produktov, sa rozhodli vyda\u0165 vlastnou, novou cestou. Ich \u00fasilie bolo zav\u0155\u0161en\u00e9 11. marca 2005, kedy bola zalo\u017een\u00e1 firma\u00a0<strong>IPRON<\/strong>.\u00a0<br>Prvorad\u00fdm cie\u013eom na\u0161ej spolo\u010dnosti je vysok\u00e1 kvalita vykonanej pr\u00e1ce. Toto kr\u00e9do nap\u013a\u0148a t\u00edm zodpovedn\u00fdch, odborne vzdelan\u00fdch mlad\u00fdch \u013eud\u00ed tvoriacich dynamick\u00fd kolekt\u00edv. Dok\u00e1\u017eeme zvl\u00e1dnu\u0165 samostatn\u00e9 projekty, ako aj participova\u0165 na v\u00fdvoji syst\u00e9mov vytvoren\u00fdch in\u00fdmi spolo\u010dnos\u0165ami. V\u00fdsledkom n\u00e1\u0161ho sna\u017eenia bude v\u017edy spokojn\u00fd z\u00e1kazn\u00edk.<\/p>\n\n\n\n<p><\/p>\n\n\n\n<p><\/p>","protected":false},"excerpt":{"rendered":"<p>IPRON&nbsp;je mlad\u00e1, r\u00fdchlo sa rozv\u00edjaj\u00faca softv\u00e9rov\u00e1 firma, ktor\u00e1 bola zalo\u017een\u00e1 v roku 2005. Zaklad\u00e1 si na profesion\u00e1lnych schopnostiach a viacro\u010dn\u00fdch sk\u00fasenostiach svojich zamestnancov. Hlavn\u00fdm pr\u00ednosom je ich vysok\u00e1 odbornos\u0165 a znalos\u0165 viacer\u00fdch oblast\u00ed informa\u010dn\u00fdch technol\u00f3gi\u00ed, ktor\u00e9 sa vz\u00e1jomne dop\u013a\u0148aj\u00fa. Tento t\u00edm je odborne na vysokej \u00farovni a dok\u00e1\u017ee sa dynamicky prisp\u00f4sobi\u0165 neust\u00e1le sa meniacim podmienkam [&hellip;]<\/p>","protected":false},"author":1,"featured_media":0,"parent":0,"menu_order":0,"comment_status":"closed","ping_status":"closed","template":"","meta":{"footnotes":""},"class_list":["post-31","page","type-page","status-publish","hentry"],"jetpack_sharing_enabled":true,"_links":{"self":[{"href":"https:\/\/ipron.sk\/index.php?rest_route=\/wp\/v2\/pages\/31","targetHints":{"allow":["GET"]}}],"collection":[{"href":"https:\/\/ipron.sk\/index.php?rest_route=\/wp\/v2\/pages"}],"about":[{"href":"https:\/\/ipron.sk\/index.php?rest_route=\/wp\/v2\/types\/page"}],"author":[{"embeddable":true,"href":"https:\/\/ipron.sk\/index.php?rest_route=\/wp\/v2\/users\/1"}],"replies":[{"embeddable":true,"href":"https:\/\/ipron.sk\/index.php?rest_route=%2Fwp%2Fv2%2Fcomments&post=31"}],"version-history":[{"count":6,"href":"https:\/\/ipron.sk\/index.php?rest_route=\/wp\/v2\/pages\/31\/revisions"}],"predecessor-version":[{"id":63,"href":"https:\/\/ipron.sk\/index.php?rest_route=\/wp\/v2\/pages\/31\/revisions\/63"}],"wp:attachment":[{"href":"https:\/\/ipron.sk\/index.php?rest_route=%2Fwp%2Fv2%2Fmedia&parent=31"}],"curies":[{"name":"wp","href":"https:\/\/api.w.org\/{rel}","templated":true}]}}