{"id":338,"date":"2026-04-06T22:20:13","date_gmt":"2026-04-06T20:20:13","guid":{"rendered":"https:\/\/ipron.sk\/?page_id=338"},"modified":"2026-04-06T22:51:12","modified_gmt":"2026-04-06T20:51:12","slug":"uvod","status":"publish","type":"page","link":"https:\/\/ipron.sk\/","title":{"rendered":"\u00davod"},"content":{"rendered":"<p><strong><em>Aj m\u00e1lo odborn\u00edkov dok\u00e1\u017ee urobi\u0165 ve\u013ea.<\/em><\/strong><\/p>\n\n\n<div class=\"wp-block-image\">\n<figure class=\"alignleft\"><img data-recalc-dims=\"1\" loading=\"lazy\" decoding=\"async\" width=\"206\" height=\"166\" src=\"https:\/\/i0.wp.com\/ipron.sk\/wp-content\/uploads\/2019\/06\/GVtel.png?resize=206%2C166&#038;ssl=1\" alt=\"\" class=\"wp-image-14\"\/><\/figure>\n<\/div>\n\n\n<p>To je hlavn\u00e9 poslanie na\u0161ej firmy. Kvalitne odveden\u00e1 pr\u00e1ca spojen\u00e1 s vysokou odbornos\u0165ou je hlavnou dom\u00e9nou, ktor\u00fa pon\u00fakame. Nieko\u013eko ve\u013ek\u00fdch firiem to sk\u00fasilo a dnes s nimi spolupracujeme na ve\u013ek\u00fdch projektoch.&nbsp;<\/p>\n\n\n\n<p>Mgr. Gabriel Varga<br>konate\u013e&nbsp;<strong>IPRON<\/strong>, s.r.o.<\/p>\n\n\n\n<p><\/p>","protected":false},"excerpt":{"rendered":"<p>Aj m\u00e1lo odborn\u00edkov dok\u00e1\u017ee urobi\u0165 ve\u013ea. To je hlavn\u00e9 poslanie na\u0161ej firmy. Kvalitne odveden\u00e1 pr\u00e1ca spojen\u00e1 s vysokou odbornos\u0165ou je hlavnou dom\u00e9nou, ktor\u00fa pon\u00fakame. Nieko\u013eko ve\u013ek\u00fdch firiem to sk\u00fasilo a dnes s nimi spolupracujeme na ve\u013ek\u00fdch projektoch.&nbsp; Mgr. Gabriel Vargakonate\u013e&nbsp;IPRON, s.r.o.<\/p>","protected":false},"author":5,"featured_media":0,"parent":0,"menu_order":0,"comment_status":"closed","ping_status":"closed","template":"","meta":{"footnotes":""},"class_list":["post-338","page","type-page","status-publish","hentry"],"jetpack_sharing_enabled":true,"_links":{"self":[{"href":"https:\/\/ipron.sk\/index.php?rest_route=\/wp\/v2\/pages\/338","targetHints":{"allow":["GET"]}}],"collection":[{"href":"https:\/\/ipron.sk\/index.php?rest_route=\/wp\/v2\/pages"}],"about":[{"href":"https:\/\/ipron.sk\/index.php?rest_route=\/wp\/v2\/types\/page"}],"author":[{"embeddable":true,"href":"https:\/\/ipron.sk\/index.php?rest_route=\/wp\/v2\/users\/5"}],"replies":[{"embeddable":true,"href":"https:\/\/ipron.sk\/index.php?rest_route=%2Fwp%2Fv2%2Fcomments&post=338"}],"version-history":[{"count":1,"href":"https:\/\/ipron.sk\/index.php?rest_route=\/wp\/v2\/pages\/338\/revisions"}],"predecessor-version":[{"id":339,"href":"https:\/\/ipron.sk\/index.php?rest_route=\/wp\/v2\/pages\/338\/revisions\/339"}],"wp:attachment":[{"href":"https:\/\/ipron.sk\/index.php?rest_route=%2Fwp%2Fv2%2Fmedia&parent=338"}],"curies":[{"name":"wp","href":"https:\/\/api.w.org\/{rel}","templated":true}]}}