{"id":43,"date":"2019-07-23T17:32:41","date_gmt":"2019-07-23T15:32:41","guid":{"rendered":"http:\/\/ipron.sk\/?page_id=43"},"modified":"2019-07-23T19:41:41","modified_gmt":"2019-07-23T17:41:41","slug":"nas-team","status":"publish","type":"page","link":"https:\/\/ipron.sk\/?page_id=43","title":{"rendered":"N\u00e1\u0161 team"},"content":{"rendered":"<div id=\"metaslider-id-70\" style=\"width: 100%;\" class=\"ml-slider-3-107-0 metaslider metaslider-flex metaslider-70 ml-slider has-dots-nav ms-theme-blend\" role=\"region\" aria-label=\"New Slideshow\" data-height=\"1100\" data-width=\"2000\">\n    <div id=\"metaslider_container_70\">\n        <div id=\"metaslider_70\" class=\"flexslider\">\n            <ul class='slides'>\n                <li style=\"display: block; width: 100%;\" class=\"slide-73 ms-image \" aria-roledescription=\"slide\" data-date=\"2019-07-23 19:23:12\" data-filename=\"IMG_3580-1868x1027.jpg\" data-slide-type=\"image\"><img data-recalc-dims=\"1\" loading=\"lazy\" decoding=\"async\" src=\"https:\/\/i0.wp.com\/ipron.sk\/wp-content\/uploads\/2019\/07\/IMG_3580.jpg?resize=640%2C352&#038;ssl=1\" height=\"352\" width=\"640\" alt=\"team\" class=\"slider-70 slide-73 msDefaultImage\" title=\"IMG_3580\" \/><div class=\"caption-wrap\"><div class=\"caption\">team IPRON<\/div><\/div><\/li>\n                <li style=\"display: none; width: 100%;\" class=\"slide-71 ms-image \" aria-roledescription=\"slide\" data-date=\"2019-07-23 19:20:35\" data-filename=\"IMG_raft-2000x1100.jpg\" data-slide-type=\"image\"><img data-recalc-dims=\"1\" loading=\"lazy\" decoding=\"async\" src=\"https:\/\/i0.wp.com\/ipron.sk\/wp-content\/uploads\/2019\/07\/IMG_raft.jpg?resize=640%2C352&#038;ssl=1\" height=\"352\" width=\"640\" alt=\"\" class=\"slider-70 slide-71 msDefaultImage\" title=\"IMG_raft\" \/><div class=\"caption-wrap\"><div class=\"caption\">sme odv\u00e1\u017en\u00ed<\/div><\/div><\/li>\n                <li style=\"display: none; width: 100%;\" class=\"slide-79 ms-image \" aria-roledescription=\"slide\" data-date=\"2019-07-23 19:40:18\" data-filename=\"RG-A2510-bez-Rasta--1819x1000.jpg\" data-slide-type=\"image\"><img data-recalc-dims=\"1\" loading=\"lazy\" decoding=\"async\" src=\"https:\/\/i0.wp.com\/ipron.sk\/wp-content\/uploads\/2019\/07\/RG-A2510-bez-Rasta-.jpg?resize=640%2C352&#038;ssl=1\" height=\"352\" width=\"640\" alt=\"\" class=\"slider-70 slide-79 msDefaultImage\" title=\"RG-A2510 bez Rasta\" \/><div class=\"caption-wrap\"><div class=\"caption\">pracujeme tvrdo<\/div><\/div><\/li>\n                <li style=\"display: none; width: 100%;\" class=\"slide-78 ms-image \" aria-roledescription=\"slide\" data-date=\"2019-07-23 19:40:03\" data-filename=\"IMG_7458_csharp-1869x1027.jpg\" data-slide-type=\"image\"><img data-recalc-dims=\"1\" loading=\"lazy\" decoding=\"async\" src=\"https:\/\/i0.wp.com\/ipron.sk\/wp-content\/uploads\/2019\/07\/IMG_7458_csharp.jpg?resize=640%2C352&#038;ssl=1\" height=\"352\" width=\"640\" alt=\"\" class=\"slider-70 slide-78 msDefaultImage\" title=\"IMG_7458_csharp\" \/><div class=\"caption-wrap\"><div class=\"caption\">C# experti<\/div><\/div><\/li>\n                <li style=\"display: none; width: 100%;\" class=\"slide-72 ms-image \" aria-roledescription=\"slide\" data-date=\"2019-07-23 19:21:19\" data-filename=\"IMG_9902-DB-2000x1100.jpg\" data-slide-type=\"image\"><img data-recalc-dims=\"1\" loading=\"lazy\" decoding=\"async\" src=\"https:\/\/i0.wp.com\/ipron.sk\/wp-content\/uploads\/2019\/07\/IMG_9902-DB.jpg?resize=640%2C352&#038;ssl=1\" height=\"352\" width=\"640\" alt=\"n\u00e1\u0161 Oracle expert\" class=\"slider-70 slide-72 msDefaultImage\" title=\"IMG_9902 DB\" \/><div class=\"caption-wrap\"><div class=\"caption\">n\u00e1\u0161 Oracle expert<\/div><\/div><\/li>\n            <\/ul>\n        <\/div>\n        \n    <\/div>\n<\/div>\n\n\n\n<p><\/p>","protected":false},"excerpt":{"rendered":"","protected":false},"author":1,"featured_media":0,"parent":31,"menu_order":1,"comment_status":"closed","ping_status":"closed","template":"","meta":{"footnotes":""},"class_list":["post-43","page","type-page","status-publish","hentry"],"jetpack_sharing_enabled":true,"_links":{"self":[{"href":"https:\/\/ipron.sk\/index.php?rest_route=\/wp\/v2\/pages\/43","targetHints":{"allow":["GET"]}}],"collection":[{"href":"https:\/\/ipron.sk\/index.php?rest_route=\/wp\/v2\/pages"}],"about":[{"href":"https:\/\/ipron.sk\/index.php?rest_route=\/wp\/v2\/types\/page"}],"author":[{"embeddable":true,"href":"https:\/\/ipron.sk\/index.php?rest_route=\/wp\/v2\/users\/1"}],"replies":[{"embeddable":true,"href":"https:\/\/ipron.sk\/index.php?rest_route=%2Fwp%2Fv2%2Fcomments&post=43"}],"version-history":[{"count":6,"href":"https:\/\/ipron.sk\/index.php?rest_route=\/wp\/v2\/pages\/43\/revisions"}],"predecessor-version":[{"id":80,"href":"https:\/\/ipron.sk\/index.php?rest_route=\/wp\/v2\/pages\/43\/revisions\/80"}],"up":[{"embeddable":true,"href":"https:\/\/ipron.sk\/index.php?rest_route=\/wp\/v2\/pages\/31"}],"wp:attachment":[{"href":"https:\/\/ipron.sk\/index.php?rest_route=%2Fwp%2Fv2%2Fmedia&parent=43"}],"curies":[{"name":"wp","href":"https:\/\/api.w.org\/{rel}","templated":true}]}}